{"id":419,"date":"2023-04-09T18:02:59","date_gmt":"2023-04-09T18:02:59","guid":{"rendered":"http:\/\/www.odczarowania.pl\/?page_id=419"},"modified":"2024-03-31T17:06:39","modified_gmt":"2024-03-31T17:06:39","slug":"home","status":"publish","type":"page","link":"http:\/\/www.odczarowania.pl\/?page_id=419","title":{"rendered":"Home"},"content":{"rendered":"\n<p>&#8222;Odczarowania&#8221; to jest blog o zwyczajnym \u017cyciu. Pomy\u015bla\u0142am kiedy\u015b, \u017ce w \u017cyciu chyba chodzi o to, \u017ceby odczarowa\u0107 wszystkie rozczarowania, pora\u017cki. O to, \u017ceby nie szuka\u0107 fajerwerk\u00f3w, tylko docenia\u0107 zwyk\u0142y dzie\u0144. Mo\u017ce to jest jak w fizyce kwantowej, w ka\u017cdej cz\u0105stce ukrywa si\u0119 wszech\u015bwiat. <\/p>\n\n\n\n<p>Blog sk\u0142ada si\u0119 z siedmiu kategorii: <\/p>\n\n\n\n<ol class=\"wp-block-list\">\n<li><strong>\u017bycie zwyczajne<\/strong> &#8211; nachodz\u0105 mnie czasami refleksje dotycz\u0105ce zwyk\u0142ego \u017cycia, kt\u00f3re si\u0119 toczy i swoj\u0105 zwyczajno\u015bci\u0105 potrafi mnie zaskoczy\u0107, czasami oburzy\u0107, poruszy\u0107, rozbawi\u0107, zasmuci\u0107. Tego rodzaju wpisy zawiera ta kategoria. <\/li>\n\n\n\n<li><strong>Przeczytane <\/strong>&#8211; jako \u017ce uwielbiam czyta\u0107 i nieustannie to robi\u0119. Od czasu do czasu co\u015b, co czytam sk\u0142ania mnie do jakich\u015b przemy\u015ble\u0144. W tej kategorii znajduj\u0105 si\u0119 wi\u0119c moje wynurzenia sprowokowane lektur\u0105. <\/li>\n\n\n\n<li><strong>\u017bycie g\u00f3rskie<\/strong> &#8211; jedn\u0105 z moich pasji s\u0105 g\u00f3ry, dlatego pojawiaj\u0105 si\u0119 wpisy z moich wyj\u015b\u0107 w g\u00f3ry. <\/li>\n\n\n\n<li><strong>Jak nieudolnie prowadzi\u0107 biznes<\/strong> &#8211; tu daj\u0119 upust moim frustracjom z punktu widzenia klienta i tego, jak bywamy traktowani na rynku. Jest to swoisty komentarz do naszej rzeczywisto\u015bci. <\/li>\n\n\n\n<li><strong>Podr\u00f3\u017cowania<\/strong> &#8211; jak wielu ludzi lubi\u0119 podr\u00f3\u017cowa\u0107, czasami bywam w r\u00f3\u017cnych miejscach i ta kategoria zawiera relacje z moich wyjazd\u00f3w. Czasami zaz\u0119bia si\u0119 to z wyjazdami g\u00f3rskimi. <\/li>\n\n\n\n<li><strong>\u017bycie niem\u0142odej ju\u017c nauczycielki <\/strong>&#8211; by\u0142am nauczycielem przez 22 lata, g\u0142\u00f3wnie pracowa\u0142am z gimnazjalistami. Lubi\u0142am swoj\u0105 prac\u0119, lubi\u0142am uczy\u0107. Nie znios\u0142am systemu i wyczerpa\u0142y si\u0119 moje pomys\u0142y na jego zmian\u0119. S\u0105 to moje zapiski z tamtych czas\u00f3w. <\/li>\n\n\n\n<li><strong>Moje <\/strong>&#8211; to kategoria, w kt\u00f3rej umieszczam moje opowiadania. Zmy\u015blenia. Otarte nieco o rzeczywisto\u015b\u0107. Nie mo\u017cna chyba wytworzy\u0107 czego\u015b ca\u0142kowicie oderwanego i niezale\u017cnego. Chyba, \u017ce si\u0119 jest bogami. <\/li>\n<\/ol>\n\n\n\n<p>Wszystko to jest wy\u0142\u0105cznie subiektywne. <\/p>\n\n\n\n<p>Z zachowaniem nieprzypadkowego podobie\u0144stwa do spotkanych os\u00f3b i prze\u017cytych zdarze\u0144. <\/p>\n","protected":false},"excerpt":{"rendered":"<p>&#8222;Odczarowania&#8221; to jest blog o zwyczajnym \u017cyciu. Pomy\u015bla\u0142am kiedy\u015b, \u017ce w \u017cyciu chyba chodzi o to, \u017ceby odczarowa\u0107 wszystkie rozczarowania, pora\u017cki. O to, \u017ceby nie szuka\u0107 fajerwerk\u00f3w, tylko docenia\u0107 zwyk\u0142y dzie\u0144. Mo\u017ce to jest jak w fizyce kwantowej, w ka\u017cdej cz\u0105stce ukrywa si\u0119 wszech\u015bwiat. Blog sk\u0142ada si\u0119 z siedmiu kategorii: Wszystko to jest wy\u0142\u0105cznie subiektywne&#8230;.<\/p>\n","protected":false},"author":1,"featured_media":0,"parent":0,"menu_order":0,"comment_status":"closed","ping_status":"closed","template":"","meta":{"footnotes":""},"class_list":["post-419","page","type-page","status-publish","hentry"],"_links":{"self":[{"href":"http:\/\/www.odczarowania.pl\/index.php?rest_route=\/wp\/v2\/pages\/419","targetHints":{"allow":["GET"]}}],"collection":[{"href":"http:\/\/www.odczarowania.pl\/index.php?rest_route=\/wp\/v2\/pages"}],"about":[{"href":"http:\/\/www.odczarowania.pl\/index.php?rest_route=\/wp\/v2\/types\/page"}],"author":[{"embeddable":true,"href":"http:\/\/www.odczarowania.pl\/index.php?rest_route=\/wp\/v2\/users\/1"}],"replies":[{"embeddable":true,"href":"http:\/\/www.odczarowania.pl\/index.php?rest_route=%2Fwp%2Fv2%2Fcomments&post=419"}],"version-history":[{"count":3,"href":"http:\/\/www.odczarowania.pl\/index.php?rest_route=\/wp\/v2\/pages\/419\/revisions"}],"predecessor-version":[{"id":1087,"href":"http:\/\/www.odczarowania.pl\/index.php?rest_route=\/wp\/v2\/pages\/419\/revisions\/1087"}],"wp:attachment":[{"href":"http:\/\/www.odczarowania.pl\/index.php?rest_route=%2Fwp%2Fv2%2Fmedia&parent=419"}],"curies":[{"name":"wp","href":"https:\/\/api.w.org\/{rel}","templated":true}]}}